{"id":188,"date":"2024-03-26T18:03:35","date_gmt":"2024-03-26T18:03:35","guid":{"rendered":"https:\/\/viabile.com.br\/site\/?page_id=188"},"modified":"2024-05-21T16:17:30","modified_gmt":"2024-05-21T16:17:30","slug":"a-viabile","status":"publish","type":"page","link":"https:\/\/viabile.com.br\/site\/a-viabile\/","title":{"rendered":"A Viabile"},"content":{"rendered":"<section class=\"l-section wpb_row height_medium\"><div class=\"l-section-h i-cf\"><div class=\"g-cols vc_row via_flex valign_top type_default stacking_default\"><div class=\"vc_col-sm-12 wpb_column vc_column_container\"><div class=\"vc_column-inner\"><div class=\"wpb_wrapper\"><div class=\"wpb_text_column us_custom_47474b22 us_animate_this\"><div class=\"wpb_wrapper\"><p>Seja bem vindo!<\/p>\n<\/div><\/div><div class=\"wpb_text_column us_custom_754a7962 us_animate_this\"><div class=\"wpb_wrapper\"><p>somos a Viabile<\/p>\n<\/div><\/div><div class=\"w-separator size_small\"><\/div><div class=\"wpb_text_column us_custom_47474b22 us_animate_this\"><div class=\"wpb_wrapper\"><p>A Viabile \u00e9 uma empresa fundada em 2004 com o objetivo de atender com altos padr\u00f5es de qualidade, dom\u00ednio t\u00e9cnico, metodologia e inova\u00e7\u00e3o as demandas de projetos t\u00e9cnicos. Ter solu\u00e7\u00f5es personalizadas para atender as necessidades de cada cliente \u00e9 a nossa miss\u00e3o.<\/p>\n<p>Nossa equipe possui uma vasta experi\u00eancia em elabora\u00e7\u00e3o, coordena\u00e7\u00e3o e gerenciamento de projetos, utilizando as mais recentes tecnologias em projetos e metodologia de trabalho de equipes multidisciplinares. Formada por profissionais da \u00e1rea de Arquitetura, Urbanismo e Engenharia, j\u00e1 atua no mercado com projetos integrados h\u00e1 v\u00e1rios anos e os resultados podem ser comprovados em v\u00e1rios empreendimentos.<\/p>\n<p>Buscamos sempre a racionaliza\u00e7\u00e3o dos sistemas construtivos, atrav\u00e9s de uma vis\u00e3o multidisciplinar que resulta em um projeto para produ\u00e7\u00e3o, com elimina\u00e7\u00e3o de interfer\u00eancias, otimizando o prazo de execu\u00e7\u00e3o, reduzindo o impacto na m\u00e3o de obra e principalmente no custo final do empreendimento.<\/p>\n<p>Buscando sempre por novas tecnologias, atualiza\u00e7\u00e3o de conceitos, conviv\u00eancia e conhecimento de seu mercado de atua\u00e7\u00e3o, a Viabile \u00e9 associada \u00e0 ABRASIP-MG (Associa\u00e7\u00e3o Brasileira de Engenharia de Sistemas Prediais) e \u00e0 AsBEA (Associa\u00e7\u00e3o Brasileira dos Escrit\u00f3rios de Arquitetura). Integrar diferen\u00e7as em busca de melhores resultados \u00e9 o objetivo da empresa.<\/p>\n<p>A equipe da Viabile soma suas diferentes forma\u00e7\u00f5es e experi\u00eancias e as traduz em projetos com solu\u00e7\u00f5es completas e compatibilizadas, o que denominamos de \u201cIntegra\u00e7\u00e3o por Resultados\u201d.<\/p>\n<\/div><\/div><div class=\"w-separator size_medium\"><\/div><div class=\"w-btn-wrapper align_left\"><a class=\"w-btn us-btn-style_1 us_custom_47474b22 us_animate_this icon_atleft\" href=\"https:\/\/wa.me\/553196601657\"><i class=\"fab fa-whatsapp\"><\/i><span class=\"w-btn-label\">Solicite um or\u00e7amento<\/span><\/a><\/div><\/div><\/div><\/div><\/div><\/div><\/section>\n","protected":false},"excerpt":{"rendered":"Seja bem vindo! somos a Viabile A Viabile \u00e9 uma empresa fundada em 2004 com o objetivo de atender com altos padr\u00f5es de qualidade, dom\u00ednio t\u00e9cnico, metodologia e inova\u00e7\u00e3o as demandas de projetos t\u00e9cnicos. Ter solu\u00e7\u00f5es personalizadas para atender as necessidades de cada cliente \u00e9 a nossa miss\u00e3o. Nossa equipe possui uma vasta experi\u00eancia em...","protected":false},"author":1,"featured_media":0,"parent":0,"menu_order":0,"comment_status":"closed","ping_status":"closed","template":"","meta":{"footnotes":""},"class_list":["post-188","page","type-page","status-publish","hentry"],"acf":[],"_links":{"self":[{"href":"https:\/\/viabile.com.br\/site\/wp-json\/wp\/v2\/pages\/188","targetHints":{"allow":["GET"]}}],"collection":[{"href":"https:\/\/viabile.com.br\/site\/wp-json\/wp\/v2\/pages"}],"about":[{"href":"https:\/\/viabile.com.br\/site\/wp-json\/wp\/v2\/types\/page"}],"author":[{"embeddable":true,"href":"https:\/\/viabile.com.br\/site\/wp-json\/wp\/v2\/users\/1"}],"replies":[{"embeddable":true,"href":"https:\/\/viabile.com.br\/site\/wp-json\/wp\/v2\/comments?post=188"}],"version-history":[{"count":8,"href":"https:\/\/viabile.com.br\/site\/wp-json\/wp\/v2\/pages\/188\/revisions"}],"predecessor-version":[{"id":869,"href":"https:\/\/viabile.com.br\/site\/wp-json\/wp\/v2\/pages\/188\/revisions\/869"}],"wp:attachment":[{"href":"https:\/\/viabile.com.br\/site\/wp-json\/wp\/v2\/media?parent=188"}],"curies":[{"name":"wp","href":"https:\/\/api.w.org\/{rel}","templated":true}]}}